{"id":57,"date":"2023-08-30T19:28:56","date_gmt":"2023-08-30T11:28:56","guid":{"rendered":"https:\/\/vecobr.com\/?page_id=57"},"modified":"2023-08-30T21:31:30","modified_gmt":"2023-08-30T13:31:30","slug":"about","status":"publish","type":"page","link":"https:\/\/vecobr.com\/fi\/","title":{"rendered":"Tietoja"},"content":{"rendered":"<p><img loading=\"lazy\" decoding=\"async\" class=\"size-full wp-image-66 aligncenter\" src=\"http:\/\/vecobr.com\/wp-content\/uploads\/2023\/08\/Food-Delivery-Robot.jpg\" alt=\"Ruoan toimitusrobotti\" width=\"800\" height=\"534\" srcset=\"https:\/\/vecobr.com\/wp-content\/uploads\/2023\/08\/Food-Delivery-Robot.jpg 800w, https:\/\/vecobr.com\/wp-content\/uploads\/2023\/08\/Food-Delivery-Robot-300x200.jpg 300w, https:\/\/vecobr.com\/wp-content\/uploads\/2023\/08\/Food-Delivery-Robot-768x513.jpg 768w\" sizes=\"auto, (max-width: 800px) 100vw, 800px\" \/><\/p>\n<p><img loading=\"lazy\" decoding=\"async\" class=\"size-full wp-image-67 aligncenter\" src=\"http:\/\/vecobr.com\/wp-content\/uploads\/2023\/08\/welding-robot.jpg\" alt=\"hitsausrobotti\" width=\"800\" height=\"534\" srcset=\"https:\/\/vecobr.com\/wp-content\/uploads\/2023\/08\/welding-robot.jpg 800w, https:\/\/vecobr.com\/wp-content\/uploads\/2023\/08\/welding-robot-300x200.jpg 300w, https:\/\/vecobr.com\/wp-content\/uploads\/2023\/08\/welding-robot-768x513.jpg 768w\" sizes=\"auto, (max-width: 800px) 100vw, 800px\" \/><\/p>\n<p>Olemme johtava kiinalainen robotiikkayritys, joka on erikoistunut teollisuusrobottien ja ruoanjakelurobottien valmistukseen, ja olemme sitoutuneet poikkeuksellisen vahvasti innovointiin. Ymm\u00e4rr\u00e4mme edistyksellisen valmistusteknologian kasvavan kysynn\u00e4n ja tarpeen tehostaa elintarvikkeiden jakeluteollisuuden tehokkuutta. Yrityksemme on n\u00e4iden uraauurtavien edistysaskeleiden eturintamassa, mik\u00e4 tekee meist\u00e4 ensisijaisen valinnan robotiikkaratkaisuihin Kiinassa ja sen ulkopuolella.<\/p>\n<p>Teollisuusrobottimme keskittyy vankkojen ja korkealaatuisten robottien valmistukseen eri teollisuudenaloille, erityisesti elintarviketeollisuuteen ja keramiikkaan, kuten hitsausrobottiin. Olemme huomanneet Kiinan aseman globaalina valmistusteollisuuden voimanpes\u00e4n\u00e4 ja r\u00e4\u00e4t\u00e4l\u00f6ineet tuotteemme vastaamaan t\u00e4m\u00e4n nopeatempoisen ja vaativan ymp\u00e4rist\u00f6n vaatimuksia. Teollisuusrobottimme on suunniteltu parantamaan tuottavuutta, v\u00e4hent\u00e4m\u00e4\u00e4n k\u00e4ytt\u00f6kustannuksia ja lis\u00e4\u00e4m\u00e4\u00e4n tehokkuutta tuotantolinjoilla. N\u00e4m\u00e4 robotit eiv\u00e4t ole ainoastaan luotettavia, vaan my\u00f6s mukautettavissa erilaisiin teollisuusymp\u00e4rist\u00f6ihin. Ne integroituvat saumattomasti olemassa oleviin j\u00e4rjestelmiin, mik\u00e4 takaa sujuvan toiminnan ja minimaaliset h\u00e4iri\u00f6t.<\/p>\n<p>Food Delivery Robotics -yksikk\u00f6mme on toinen yrityksemme uraauurtava osa-alue. Olemme kehitt\u00e4neet innovatiivisia ruoanjakelurobotteja vastauksena kuluttajien tottumusten kehittymiseen ja kosketuksettoman ruoanjakelun kysynn\u00e4n kasvuun. Robottimme ovat taitavia toimittamaan ruokaa, postia ja muita mukavuuksia hotelleihin ja muihin majoitusliikkeisiin. Ne on varustettu kehittyneill\u00e4 navigointij\u00e4rjestelmill\u00e4, jotka takaavat tarkat ja t\u00e4sm\u00e4lliset toimitukset.<\/p>\n<p>Olemme ylpeit\u00e4 siit\u00e4, ett\u00e4 olemme yhteydess\u00e4 Kiinan tiedeakatemiaan ja saamme tukea suurelta s\u00e4hk\u00f6yhti\u00f6lt\u00e4. T\u00e4m\u00e4 yhteys tarjoaa meille p\u00e4\u00e4syn huippututkimukseen ja teknologiseen kehitykseen, mik\u00e4 vie meid\u00e4t eteenp\u00e4in robotiikkateollisuudessa. Monipuolinen tuotevalikoimamme on osoitus sopeutumiskyvyst\u00e4mme ja sitoumuksestamme vastata kunkin asiakkaan yksil\u00f6llisiin tarpeisiin.<\/p>\n<p>\u00c4skett\u00e4inen useiden ulkomailla toimivien robottivalmistajien hankinta on lis\u00e4nnyt markkinaosuuttamme ja maailmanlaajuista ulottuvuuttamme merkitt\u00e4v\u00e4sti. T\u00e4m\u00e4 strateginen siirto ei ole ainoastaan laajentanut valmiuksiamme vaan my\u00f6s monipuolistanut tietopohjaamme, mink\u00e4 ansiosta voimme tarjota asiakkaillemme entist\u00e4 kattavampia robotiikkaratkaisuja. Meill\u00e4 on nyt paremmat valmiudet kuin koskaan tarjota kansainv\u00e4liset standardit t\u00e4ytt\u00e4vi\u00e4 robotteja ja palvella laajempia markkinoita.<\/p>\n<p>Yhteenvetona voidaan todeta, ett\u00e4 olemme enemm\u00e4n kuin pelkk\u00e4 robotiikka-alan yritys. Olemme ratkaisujen tarjoaja, joka on sitoutunut auttamaan yrityksi\u00e4 sopeutumaan digitaaliseen aikakauteen helposti ja tehokkaasti. Robottimme on suunniteltu muuttamaan liiketoimintatapojasi ja tuomaan toimintoihisi uuden automaation ja \u00e4lykkyyden tason. Meilt\u00e4 saat kumppanin, joka ymm\u00e4rt\u00e4\u00e4 tarpeesi ja tarjoaa ratkaisuja, jotka on r\u00e4\u00e4t\u00e4l\u00f6ity edist\u00e4m\u00e4\u00e4n liiketoimintaasi tulevaisuuteen. Visiomme on jatkaa robotti-innovaatioiden edell\u00e4k\u00e4vijyytt\u00e4, ja olemme innoissamme tulevista mahdollisuuksista, kun jatkamme robotiikan mahdollisuuksien rajojen pident\u00e4mist\u00e4.<\/p>","protected":false},"excerpt":{"rendered":"<p>Olemme johtava kiinalainen robotiikka-alan yritys, joka on erikoistunut [...]<\/p>","protected":false},"author":1,"featured_media":0,"parent":0,"menu_order":0,"comment_status":"closed","ping_status":"closed","template":"","meta":{"site-sidebar-layout":"default","site-content-layout":"","ast-site-content-layout":"","site-content-style":"default","site-sidebar-style":"default","ast-global-header-display":"","ast-banner-title-visibility":"","ast-main-header-display":"","ast-hfb-above-header-display":"","ast-hfb-below-header-display":"","ast-hfb-mobile-header-display":"","site-post-title":"","ast-breadcrumbs-content":"","ast-featured-img":"","footer-sml-layout":"","theme-transparent-header-meta":"","adv-header-id-meta":"","stick-header-meta":"","header-above-stick-meta":"","header-main-stick-meta":"","header-below-stick-meta":"","astra-migrate-meta-layouts":"default","ast-page-background-enabled":"default","ast-page-background-meta":{"desktop":{"background-color":"var(--ast-global-color-4)","background-image":"","background-repeat":"repeat","background-position":"center center","background-size":"auto","background-attachment":"scroll","background-type":"","background-media":"","overlay-type":"","overlay-color":"","overlay-gradient":""},"tablet":{"background-color":"","background-image":"","background-repeat":"repeat","background-position":"center center","background-size":"auto","background-attachment":"scroll","background-type":"","background-media":"","overlay-type":"","overlay-color":"","overlay-gradient":""},"mobile":{"background-color":"","background-image":"","background-repeat":"repeat","background-position":"center center","background-size":"auto","background-attachment":"scroll","background-type":"","background-media":"","overlay-type":"","overlay-color":"","overlay-gradient":""}},"ast-content-background-meta":{"desktop":{"background-color":"var(--ast-global-color-5)","background-image":"","background-repeat":"repeat","background-position":"center center","background-size":"auto","background-attachment":"scroll","background-type":"","background-media":"","overlay-type":"","overlay-color":"","overlay-gradient":""},"tablet":{"background-color":"var(--ast-global-color-5)","background-image":"","background-repeat":"repeat","background-position":"center center","background-size":"auto","background-attachment":"scroll","background-type":"","background-media":"","overlay-type":"","overlay-color":"","overlay-gradient":""},"mobile":{"background-color":"var(--ast-global-color-5)","background-image":"","background-repeat":"repeat","background-position":"center center","background-size":"auto","background-attachment":"scroll","background-type":"","background-media":"","overlay-type":"","overlay-color":"","overlay-gradient":""}},"ngg_post_thumbnail":0,"footnotes":""},"class_list":["post-57","page","type-page","status-publish","hentry"],"aioseo_notices":[],"_links":{"self":[{"href":"https:\/\/vecobr.com\/fi\/wp-json\/wp\/v2\/pages\/57","targetHints":{"allow":["GET"]}}],"collection":[{"href":"https:\/\/vecobr.com\/fi\/wp-json\/wp\/v2\/pages"}],"about":[{"href":"https:\/\/vecobr.com\/fi\/wp-json\/wp\/v2\/types\/page"}],"author":[{"embeddable":true,"href":"https:\/\/vecobr.com\/fi\/wp-json\/wp\/v2\/users\/1"}],"replies":[{"embeddable":true,"href":"https:\/\/vecobr.com\/fi\/wp-json\/wp\/v2\/comments?post=57"}],"version-history":[{"count":5,"href":"https:\/\/vecobr.com\/fi\/wp-json\/wp\/v2\/pages\/57\/revisions"}],"predecessor-version":[{"id":70,"href":"https:\/\/vecobr.com\/fi\/wp-json\/wp\/v2\/pages\/57\/revisions\/70"}],"wp:attachment":[{"href":"https:\/\/vecobr.com\/fi\/wp-json\/wp\/v2\/media?parent=57"}],"curies":[{"name":"wp","href":"https:\/\/api.w.org\/{rel}","templated":true}]}}