{"id":57,"date":"2023-08-30T19:28:56","date_gmt":"2023-08-30T11:28:56","guid":{"rendered":"https:\/\/vecobr.com\/?page_id=57"},"modified":"2023-08-30T21:31:30","modified_gmt":"2023-08-30T13:31:30","slug":"about","status":"publish","type":"page","link":"https:\/\/vecobr.com\/es\/","title":{"rendered":"acerca de"},"content":{"rendered":"<p><img loading=\"lazy\" decoding=\"async\" class=\"size-full wp-image-66 aligncenter\" src=\"http:\/\/vecobr.com\/wp-content\/uploads\/2023\/08\/Food-Delivery-Robot.jpg\" alt=\"Robot de reparto de comida\" width=\"800\" height=\"534\" srcset=\"https:\/\/vecobr.com\/wp-content\/uploads\/2023\/08\/Food-Delivery-Robot.jpg 800w, https:\/\/vecobr.com\/wp-content\/uploads\/2023\/08\/Food-Delivery-Robot-300x200.jpg 300w, https:\/\/vecobr.com\/wp-content\/uploads\/2023\/08\/Food-Delivery-Robot-768x513.jpg 768w\" sizes=\"auto, (max-width: 800px) 100vw, 800px\" \/><\/p>\n<p><img loading=\"lazy\" decoding=\"async\" class=\"size-full wp-image-67 aligncenter\" src=\"http:\/\/vecobr.com\/wp-content\/uploads\/2023\/08\/welding-robot.jpg\" alt=\"robot de soldadura\" width=\"800\" height=\"534\" srcset=\"https:\/\/vecobr.com\/wp-content\/uploads\/2023\/08\/welding-robot.jpg 800w, https:\/\/vecobr.com\/wp-content\/uploads\/2023\/08\/welding-robot-300x200.jpg 300w, https:\/\/vecobr.com\/wp-content\/uploads\/2023\/08\/welding-robot-768x513.jpg 768w\" sizes=\"auto, (max-width: 800px) 100vw, 800px\" \/><\/p>\n<p>Con un extraordinario compromiso con la innovaci\u00f3n, somos una empresa l\u00edder en rob\u00f3tica con sede en China, especializada en la fabricaci\u00f3n de robots industriales y robots de reparto de alimentos. Somos conscientes de la creciente demanda de tecnolog\u00edas de fabricaci\u00f3n avanzadas y de la necesidad de racionalizar la eficiencia en el sector de la entrega de alimentos. Nuestra empresa est\u00e1 a la vanguardia de estos avances revolucionarios, lo que nos convierte en la primera opci\u00f3n para soluciones de rob\u00f3tica en China y en otros pa\u00edses.<\/p>\n<p>Nuestro robot industrial se centra en la fabricaci\u00f3n de robots robustos y de alta calidad para diversas industrias, con especial \u00e9nfasis en la industria alimentaria y la cer\u00e1mica, como el robot de soldadura. Hemos tomado nota de la posici\u00f3n de China como potencia manufacturera mundial y hemos adaptado nuestros productos para satisfacer los requisitos de este entorno tan exigente y acelerado. Nuestros robots industriales est\u00e1n dise\u00f1ados para mejorar la productividad, reducir los costes operativos e impulsar la eficiencia en las l\u00edneas de producci\u00f3n. Estos robots no s\u00f3lo son fiables, sino que tambi\u00e9n se adaptan a diversos entornos industriales. Se integran perfectamente en los sistemas existentes, lo que garantiza un funcionamiento sin problemas y unas interrupciones m\u00ednimas.<\/p>\n<p>Nuestra Divisi\u00f3n de Rob\u00f3tica de Entrega de Alimentos es otra rama pionera de nuestra empresa. En respuesta a la evoluci\u00f3n de los h\u00e1bitos de consumo y al aumento de la demanda de entrega de alimentos sin contacto, hemos desarrollado un innovador robot de entrega de alimentos. Nuestros robots son competentes en la entrega de comida, correo y otros servicios en hoteles y otros establecimientos de hosteler\u00eda. Est\u00e1n equipados con sistemas de navegaci\u00f3n avanzados para garantizar entregas precisas y puntuales.<\/p>\n<p>Estamos orgullosos de nuestra afiliaci\u00f3n a la Academia China de las Ciencias y del respaldo de una gran empresa el\u00e9ctrica. Esta asociaci\u00f3n nos permite acceder a la investigaci\u00f3n y los avances tecnol\u00f3gicos m\u00e1s punteros, lo que nos impulsa a la vanguardia del sector de la rob\u00f3tica. Nuestra variada cartera es testimonio de nuestra adaptabilidad y nuestro compromiso para satisfacer las necesidades \u00fanicas de cada cliente.<\/p>\n<p>Nuestra reciente adquisici\u00f3n de varios fabricantes extranjeros de robots ha aumentado considerablemente nuestra cuota de mercado y nuestro alcance mundial. Este movimiento estrat\u00e9gico no s\u00f3lo ha ampliado nuestras capacidades, sino que tambi\u00e9n ha diversificado nuestra base de conocimientos, lo que nos permite ofrecer soluciones rob\u00f3ticas m\u00e1s completas a nuestros clientes. Ahora estamos m\u00e1s preparados que nunca para suministrar robots que cumplan las normas internacionales y abastecer a un mercado m\u00e1s amplio.<\/p>\n<p>En conclusi\u00f3n, somos algo m\u00e1s que una empresa de rob\u00f3tica. Somos un proveedor de soluciones, comprometido a ayudar a las empresas a adaptarse a la era digital con facilidad y eficacia. Nuestros robots est\u00e1n dise\u00f1ados para transformar su forma de hacer negocios, aportando un nuevo nivel de automatizaci\u00f3n e inteligencia a sus operaciones. Con nosotros, obtendr\u00e1 un socio que entiende sus necesidades y proporciona soluciones a medida para impulsar su negocio hacia el futuro. Nuestra visi\u00f3n es seguir liderando la innovaci\u00f3n rob\u00f3tica, y estamos entusiasmados con las oportunidades que nos esperan mientras seguimos ampliando los l\u00edmites de lo que es posible con la rob\u00f3tica.<\/p>","protected":false},"excerpt":{"rendered":"<p>Con un extraordinario compromiso con la innovaci\u00f3n, somos una empresa l\u00edder en rob\u00f3tica con sede en China, especializada en la fabricaci\u00f3n de [...]<\/p>","protected":false},"author":1,"featured_media":0,"parent":0,"menu_order":0,"comment_status":"closed","ping_status":"closed","template":"","meta":{"site-sidebar-layout":"default","site-content-layout":"","ast-site-content-layout":"","site-content-style":"default","site-sidebar-style":"default","ast-global-header-display":"","ast-banner-title-visibility":"","ast-main-header-display":"","ast-hfb-above-header-display":"","ast-hfb-below-header-display":"","ast-hfb-mobile-header-display":"","site-post-title":"","ast-breadcrumbs-content":"","ast-featured-img":"","footer-sml-layout":"","theme-transparent-header-meta":"","adv-header-id-meta":"","stick-header-meta":"","header-above-stick-meta":"","header-main-stick-meta":"","header-below-stick-meta":"","astra-migrate-meta-layouts":"default","ast-page-background-enabled":"default","ast-page-background-meta":{"desktop":{"background-color":"var(--ast-global-color-4)","background-image":"","background-repeat":"repeat","background-position":"center center","background-size":"auto","background-attachment":"scroll","background-type":"","background-media":"","overlay-type":"","overlay-color":"","overlay-gradient":""},"tablet":{"background-color":"","background-image":"","background-repeat":"repeat","background-position":"center center","background-size":"auto","background-attachment":"scroll","background-type":"","background-media":"","overlay-type":"","overlay-color":"","overlay-gradient":""},"mobile":{"background-color":"","background-image":"","background-repeat":"repeat","background-position":"center center","background-size":"auto","background-attachment":"scroll","background-type":"","background-media":"","overlay-type":"","overlay-color":"","overlay-gradient":""}},"ast-content-background-meta":{"desktop":{"background-color":"var(--ast-global-color-5)","background-image":"","background-repeat":"repeat","background-position":"center center","background-size":"auto","background-attachment":"scroll","background-type":"","background-media":"","overlay-type":"","overlay-color":"","overlay-gradient":""},"tablet":{"background-color":"var(--ast-global-color-5)","background-image":"","background-repeat":"repeat","background-position":"center center","background-size":"auto","background-attachment":"scroll","background-type":"","background-media":"","overlay-type":"","overlay-color":"","overlay-gradient":""},"mobile":{"background-color":"var(--ast-global-color-5)","background-image":"","background-repeat":"repeat","background-position":"center center","background-size":"auto","background-attachment":"scroll","background-type":"","background-media":"","overlay-type":"","overlay-color":"","overlay-gradient":""}},"ngg_post_thumbnail":0,"footnotes":""},"class_list":["post-57","page","type-page","status-publish","hentry"],"aioseo_notices":[],"_links":{"self":[{"href":"https:\/\/vecobr.com\/es\/wp-json\/wp\/v2\/pages\/57","targetHints":{"allow":["GET"]}}],"collection":[{"href":"https:\/\/vecobr.com\/es\/wp-json\/wp\/v2\/pages"}],"about":[{"href":"https:\/\/vecobr.com\/es\/wp-json\/wp\/v2\/types\/page"}],"author":[{"embeddable":true,"href":"https:\/\/vecobr.com\/es\/wp-json\/wp\/v2\/users\/1"}],"replies":[{"embeddable":true,"href":"https:\/\/vecobr.com\/es\/wp-json\/wp\/v2\/comments?post=57"}],"version-history":[{"count":5,"href":"https:\/\/vecobr.com\/es\/wp-json\/wp\/v2\/pages\/57\/revisions"}],"predecessor-version":[{"id":70,"href":"https:\/\/vecobr.com\/es\/wp-json\/wp\/v2\/pages\/57\/revisions\/70"}],"wp:attachment":[{"href":"https:\/\/vecobr.com\/es\/wp-json\/wp\/v2\/media?parent=57"}],"curies":[{"name":"wp","href":"https:\/\/api.w.org\/{rel}","templated":true}]}}